{"id":463,"date":"2023-05-17T15:22:55","date_gmt":"2023-05-17T15:22:55","guid":{"rendered":"https:\/\/www.pm-bregy.ch\/standpunkte\/"},"modified":"2023-07-18T09:00:53","modified_gmt":"2023-07-18T09:00:53","slug":"points-de-vue","status":"publish","type":"page","link":"https:\/\/www.pm-bregy.ch\/fr\/points-de-vue\/","title":{"rendered":"Points de vue"},"content":{"rendered":"\t\t<div data-elementor-type=\"wp-page\" data-elementor-id=\"463\" class=\"elementor elementor-463 elementor-126\" data-elementor-post-type=\"page\">\n\t\t\t\t\t\t<section class=\"elementor-section elementor-top-section elementor-element elementor-element-e1c8560 elementor-section-height-min-height elementor-section-stretched elementor-section-items-bottom elementor-section-content-middle elementor-section-boxed elementor-section-height-default\" data-id=\"e1c8560\" data-element_type=\"section\" data-e-type=\"section\" data-settings=\"{&quot;stretch_section&quot;:&quot;section-stretched&quot;,&quot;background_background&quot;:&quot;classic&quot;}\">\n\t\t\t\t\t\t<div class=\"elementor-container elementor-column-gap-default\">\n\t\t\t\t\t<div class=\"elementor-column elementor-col-100 elementor-top-column elementor-element elementor-element-3f764ec\" data-id=\"3f764ec\" data-element_type=\"column\" data-e-type=\"column\">\n\t\t\t<div class=\"elementor-widget-wrap\">\n\t\t\t\t\t\t\t<\/div>\n\t\t<\/div>\n\t\t\t\t\t<\/div>\n\t\t<\/section>\n\t\t\t\t<section class=\"elementor-section elementor-top-section elementor-element elementor-element-ebc69e4 elementor-section-boxed elementor-section-height-default elementor-section-height-default\" data-id=\"ebc69e4\" data-element_type=\"section\" data-e-type=\"section\">\n\t\t\t\t\t\t<div class=\"elementor-container elementor-column-gap-default\">\n\t\t\t\t\t<div class=\"elementor-column elementor-col-100 elementor-top-column elementor-element elementor-element-8d7a0dc\" data-id=\"8d7a0dc\" data-element_type=\"column\" data-e-type=\"column\">\n\t\t\t<div class=\"elementor-widget-wrap elementor-element-populated\">\n\t\t\t\t\t\t<div class=\"elementor-element elementor-element-d9e764e lead elementor-widget elementor-widget-text-editor\" data-id=\"d9e764e\" data-element_type=\"widget\" data-e-type=\"widget\" data-widget_type=\"text-editor.default\">\n\t\t\t\t<div class=\"elementor-widget-container\">\n\t\t\t\t\t\t\t\t\t<h1>Points de vue<\/h1>\t\t\t\t\t\t\t\t<\/div>\n\t\t\t\t<\/div>\n\t\t\t\t<div class=\"elementor-element elementor-element-3badf84 elementor-widget elementor-widget-text-editor\" data-id=\"3badf84\" data-element_type=\"widget\" data-e-type=\"widget\" data-widget_type=\"text-editor.default\">\n\t\t\t\t<div class=\"elementor-widget-container\">\n\t\t\t\t\t\t\t\t\t<p>La question d\u00e9cisive en politique n&rsquo;est pas celle de la gauche ou de la droite. La polarisation nuit \u00e0 la culture politique et donc, en fin de compte, \u00e0 nous tous. En politique, il s&rsquo;agit plut\u00f4t de trouver des solutions : Des solutions pour les habitants de la Suisse et des solutions pour la Suisse. Les bonnes solutions sont marqu\u00e9es par la libert\u00e9, la solidarit\u00e9 et la responsabilit\u00e9. Une politique constructive et orient\u00e9e vers des solutions n&rsquo;est peut-\u00eatre pas toujours attrayante, mais elle n&rsquo;en est que plus pr\u00e9cieuse. Car c&rsquo;est la seule fa\u00e7on de maintenir la coh\u00e9sion de la Suisse.<\/p><p>En tant que Pr\u00e9sident du groupe parlementaire du Centre. Le Centre. PEV. Je m&rsquo;engage pr\u00e9cis\u00e9ment pour ces bonnes solutions et surtout pour des solutions pratiques. Des solutions qui renforcent la classe moyenne et les PME en Suisse. Pour cela, il faut avant tout r\u00e9duire la charge des primes d&rsquo;assurance maladie. Cela sera uniquement possible avec des mesures efficaces contre l&rsquo;augmentation des co\u00fbts de la sant\u00e9 et l&rsquo;abolition des injustices existantes pour les couples mari\u00e9s en mati\u00e8re d&rsquo;AVS ou d&rsquo;imp\u00f4ts.<\/p><p>En tant que conseiller national valaisan, les int\u00e9r\u00eats des minorit\u00e9s, des r\u00e9gions de montagne et des r\u00e9gions p\u00e9riph\u00e9riques me tiennent \u00e0 c\u0153ur. Je consid\u00e8re donc qu&rsquo;il est \u00e9galement de mon devoir de m&rsquo;engager au Parlement f\u00e9d\u00e9ral en faveur des minorit\u00e9s linguistiques et r\u00e9gionales et de notre canton du Valais. Un r\u00f4le fort dans la production d&rsquo;\u00e9nergie, qu&rsquo;il s&rsquo;agisse de l&rsquo;\u00e9nergie hydraulique, solaire et \u00e9olienne, est tout aussi important pour le canton du Valais que de bonnes voies de communication, comme l&rsquo;extension compl\u00e8te du tunnel de base du L\u00f6tschberg. Il ne faut pas non plus oublier les d\u00e9fis \u00e0 relever, par exemple en mati\u00e8re d&rsquo;am\u00e9nagement du territoire.<\/p>\t\t\t\t\t\t\t\t<\/div>\n\t\t\t\t<\/div>\n\t\t\t\t\t<\/div>\n\t\t<\/div>\n\t\t\t\t\t<\/div>\n\t\t<\/section>\n\t\t\t\t<\/div>\n\t\t","protected":false},"excerpt":{"rendered":"<p>Points de vue La question d\u00e9cisive en politique n&rsquo;est pas celle de la gauche ou de la droite. La polarisation nuit \u00e0 la culture politique et donc, en fin de compte, \u00e0 nous tous. En politique, il s&rsquo;agit plut\u00f4t de trouver des solutions : Des solutions pour les habitants de la Suisse et des solutions [&hellip;]<\/p>\n","protected":false},"author":1,"featured_media":0,"parent":0,"menu_order":0,"comment_status":"closed","ping_status":"closed","template":"","meta":{"footnotes":""},"class_list":["post-463","page","type-page","status-publish","hentry"],"yoast_head":"<!-- This site is optimized with the Yoast SEO plugin v27.3 - https:\/\/yoast.com\/product\/yoast-seo-wordpress\/ -->\n<title>Points de vue - Philipp Matthias Bregy<\/title>\n<meta name=\"robots\" content=\"index, follow, max-snippet:-1, max-image-preview:large, max-video-preview:-1\" \/>\n<link rel=\"canonical\" href=\"https:\/\/www.pm-bregy.ch\/fr\/points-de-vue\/\" \/>\n<meta property=\"og:locale\" content=\"fr_FR\" \/>\n<meta property=\"og:type\" content=\"article\" \/>\n<meta property=\"og:title\" content=\"Points de vue - Philipp Matthias Bregy\" \/>\n<meta property=\"og:description\" content=\"Points de vue La question d\u00e9cisive en politique n&rsquo;est pas celle de la gauche ou de la droite. La polarisation nuit \u00e0 la culture politique et donc, en fin de compte, \u00e0 nous tous. En politique, il s&rsquo;agit plut\u00f4t de trouver des solutions : Des solutions pour les habitants de la Suisse et des solutions [&hellip;]\" \/>\n<meta property=\"og:url\" content=\"https:\/\/www.pm-bregy.ch\/fr\/points-de-vue\/\" \/>\n<meta property=\"og:site_name\" content=\"Philipp Matthias Bregy\" \/>\n<meta property=\"article:publisher\" content=\"https:\/\/www.facebook.com\/pmbregy\" \/>\n<meta property=\"article:modified_time\" content=\"2023-07-18T09:00:53+00:00\" \/>\n<meta name=\"twitter:card\" content=\"summary_large_image\" \/>\n<meta name=\"twitter:site\" content=\"@pmbregy\" \/>\n<meta name=\"twitter:label1\" content=\"Dur\u00e9e de lecture estim\u00e9e\" \/>\n\t<meta name=\"twitter:data1\" content=\"2 minutes\" \/>\n<script type=\"application\/ld+json\" class=\"yoast-schema-graph\">{\"@context\":\"https:\\\/\\\/schema.org\",\"@graph\":[{\"@type\":\"WebPage\",\"@id\":\"https:\\\/\\\/www.pm-bregy.ch\\\/fr\\\/points-de-vue\\\/\",\"url\":\"https:\\\/\\\/www.pm-bregy.ch\\\/fr\\\/points-de-vue\\\/\",\"name\":\"Points de vue - Philipp Matthias Bregy\",\"isPartOf\":{\"@id\":\"https:\\\/\\\/www.pm-bregy.ch\\\/#website\"},\"datePublished\":\"2023-05-17T15:22:55+00:00\",\"dateModified\":\"2023-07-18T09:00:53+00:00\",\"breadcrumb\":{\"@id\":\"https:\\\/\\\/www.pm-bregy.ch\\\/fr\\\/points-de-vue\\\/#breadcrumb\"},\"inLanguage\":\"fr-FR\",\"potentialAction\":[{\"@type\":\"ReadAction\",\"target\":[\"https:\\\/\\\/www.pm-bregy.ch\\\/fr\\\/points-de-vue\\\/\"]}]},{\"@type\":\"BreadcrumbList\",\"@id\":\"https:\\\/\\\/www.pm-bregy.ch\\\/fr\\\/points-de-vue\\\/#breadcrumb\",\"itemListElement\":[{\"@type\":\"ListItem\",\"position\":1,\"name\":\"Startseite\",\"item\":\"https:\\\/\\\/www.pm-bregy.ch\\\/fr\\\/\"},{\"@type\":\"ListItem\",\"position\":2,\"name\":\"Points de vue\"}]},{\"@type\":\"WebSite\",\"@id\":\"https:\\\/\\\/www.pm-bregy.ch\\\/#website\",\"url\":\"https:\\\/\\\/www.pm-bregy.ch\\\/\",\"name\":\"Philipp Matthias Bregy\",\"description\":\"\",\"potentialAction\":[{\"@type\":\"SearchAction\",\"target\":{\"@type\":\"EntryPoint\",\"urlTemplate\":\"https:\\\/\\\/www.pm-bregy.ch\\\/?s={search_term_string}\"},\"query-input\":{\"@type\":\"PropertyValueSpecification\",\"valueRequired\":true,\"valueName\":\"search_term_string\"}}],\"inLanguage\":\"fr-FR\"}]}<\/script>\n<!-- \/ Yoast SEO plugin. -->","yoast_head_json":{"title":"Points de vue - Philipp Matthias Bregy","robots":{"index":"index","follow":"follow","max-snippet":"max-snippet:-1","max-image-preview":"max-image-preview:large","max-video-preview":"max-video-preview:-1"},"canonical":"https:\/\/www.pm-bregy.ch\/fr\/points-de-vue\/","og_locale":"fr_FR","og_type":"article","og_title":"Points de vue - Philipp Matthias Bregy","og_description":"Points de vue La question d\u00e9cisive en politique n&rsquo;est pas celle de la gauche ou de la droite. La polarisation nuit \u00e0 la culture politique et donc, en fin de compte, \u00e0 nous tous. En politique, il s&rsquo;agit plut\u00f4t de trouver des solutions : Des solutions pour les habitants de la Suisse et des solutions [&hellip;]","og_url":"https:\/\/www.pm-bregy.ch\/fr\/points-de-vue\/","og_site_name":"Philipp Matthias Bregy","article_publisher":"https:\/\/www.facebook.com\/pmbregy","article_modified_time":"2023-07-18T09:00:53+00:00","twitter_card":"summary_large_image","twitter_site":"@pmbregy","twitter_misc":{"Dur\u00e9e de lecture estim\u00e9e":"2 minutes"},"schema":{"@context":"https:\/\/schema.org","@graph":[{"@type":"WebPage","@id":"https:\/\/www.pm-bregy.ch\/fr\/points-de-vue\/","url":"https:\/\/www.pm-bregy.ch\/fr\/points-de-vue\/","name":"Points de vue - Philipp Matthias Bregy","isPartOf":{"@id":"https:\/\/www.pm-bregy.ch\/#website"},"datePublished":"2023-05-17T15:22:55+00:00","dateModified":"2023-07-18T09:00:53+00:00","breadcrumb":{"@id":"https:\/\/www.pm-bregy.ch\/fr\/points-de-vue\/#breadcrumb"},"inLanguage":"fr-FR","potentialAction":[{"@type":"ReadAction","target":["https:\/\/www.pm-bregy.ch\/fr\/points-de-vue\/"]}]},{"@type":"BreadcrumbList","@id":"https:\/\/www.pm-bregy.ch\/fr\/points-de-vue\/#breadcrumb","itemListElement":[{"@type":"ListItem","position":1,"name":"Startseite","item":"https:\/\/www.pm-bregy.ch\/fr\/"},{"@type":"ListItem","position":2,"name":"Points de vue"}]},{"@type":"WebSite","@id":"https:\/\/www.pm-bregy.ch\/#website","url":"https:\/\/www.pm-bregy.ch\/","name":"Philipp Matthias Bregy","description":"","potentialAction":[{"@type":"SearchAction","target":{"@type":"EntryPoint","urlTemplate":"https:\/\/www.pm-bregy.ch\/?s={search_term_string}"},"query-input":{"@type":"PropertyValueSpecification","valueRequired":true,"valueName":"search_term_string"}}],"inLanguage":"fr-FR"}]}},"_links":{"self":[{"href":"https:\/\/www.pm-bregy.ch\/fr\/wp-json\/wp\/v2\/pages\/463","targetHints":{"allow":["GET"]}}],"collection":[{"href":"https:\/\/www.pm-bregy.ch\/fr\/wp-json\/wp\/v2\/pages"}],"about":[{"href":"https:\/\/www.pm-bregy.ch\/fr\/wp-json\/wp\/v2\/types\/page"}],"author":[{"embeddable":true,"href":"https:\/\/www.pm-bregy.ch\/fr\/wp-json\/wp\/v2\/users\/1"}],"replies":[{"embeddable":true,"href":"https:\/\/www.pm-bregy.ch\/fr\/wp-json\/wp\/v2\/comments?post=463"}],"version-history":[{"count":3,"href":"https:\/\/www.pm-bregy.ch\/fr\/wp-json\/wp\/v2\/pages\/463\/revisions"}],"predecessor-version":[{"id":546,"href":"https:\/\/www.pm-bregy.ch\/fr\/wp-json\/wp\/v2\/pages\/463\/revisions\/546"}],"wp:attachment":[{"href":"https:\/\/www.pm-bregy.ch\/fr\/wp-json\/wp\/v2\/media?parent=463"}],"curies":[{"name":"wp","href":"https:\/\/api.w.org\/{rel}","templated":true}]}}