{"id":462,"date":"2023-05-17T15:35:34","date_gmt":"2023-05-17T15:35:34","guid":{"rendered":"https:\/\/www.pm-bregy.ch\/persoenlich\/"},"modified":"2023-07-31T08:27:36","modified_gmt":"2023-07-31T08:27:36","slug":"personnel","status":"publish","type":"page","link":"https:\/\/www.pm-bregy.ch\/fr\/personnel\/","title":{"rendered":"Personnel"},"content":{"rendered":"\t\t<div data-elementor-type=\"wp-page\" data-elementor-id=\"462\" class=\"elementor elementor-462 elementor-147\" data-elementor-post-type=\"page\">\n\t\t\t\t\t\t<section class=\"elementor-section elementor-top-section elementor-element elementor-element-e1c8560 elementor-section-height-min-height elementor-section-stretched elementor-section-items-bottom elementor-section-content-middle elementor-section-boxed elementor-section-height-default\" data-id=\"e1c8560\" data-element_type=\"section\" data-e-type=\"section\" data-settings=\"{&quot;stretch_section&quot;:&quot;section-stretched&quot;,&quot;background_background&quot;:&quot;classic&quot;}\">\n\t\t\t\t\t\t<div class=\"elementor-container elementor-column-gap-default\">\n\t\t\t\t\t<div class=\"elementor-column elementor-col-100 elementor-top-column elementor-element elementor-element-3f764ec\" data-id=\"3f764ec\" data-element_type=\"column\" data-e-type=\"column\">\n\t\t\t<div class=\"elementor-widget-wrap\">\n\t\t\t\t\t\t\t<\/div>\n\t\t<\/div>\n\t\t\t\t\t<\/div>\n\t\t<\/section>\n\t\t\t\t<section class=\"elementor-section elementor-top-section elementor-element elementor-element-ebc69e4 elementor-section-boxed elementor-section-height-default elementor-section-height-default\" data-id=\"ebc69e4\" data-element_type=\"section\" data-e-type=\"section\">\n\t\t\t\t\t\t<div class=\"elementor-container elementor-column-gap-default\">\n\t\t\t\t\t<div class=\"elementor-column elementor-col-100 elementor-top-column elementor-element elementor-element-8d7a0dc\" data-id=\"8d7a0dc\" data-element_type=\"column\" data-e-type=\"column\">\n\t\t\t<div class=\"elementor-widget-wrap elementor-element-populated\">\n\t\t\t\t\t\t<div class=\"elementor-element elementor-element-d9e764e lead elementor-widget elementor-widget-text-editor\" data-id=\"d9e764e\" data-element_type=\"widget\" data-e-type=\"widget\" data-widget_type=\"text-editor.default\">\n\t\t\t\t<div class=\"elementor-widget-container\">\n\t\t\t\t\t\t\t\t\t<h1>Personnel<\/h1>\t\t\t\t\t\t\t\t<\/div>\n\t\t\t\t<\/div>\n\t\t\t\t<div class=\"elementor-element elementor-element-25551f0 elementor-widget elementor-widget-text-editor\" data-id=\"25551f0\" data-element_type=\"widget\" data-e-type=\"widget\" data-widget_type=\"text-editor.default\">\n\t\t\t\t<div class=\"elementor-widget-container\">\n\t\t\t\t\t\t\t\t\t<p>La famille et les amis sont mes sources d&rsquo;\u00e9nergie. Je vis \u00e0 Naters avec ma femme Nathalie et nos fils. J&rsquo;aime jouer (ou plut\u00f4t regarder) le football avec nos fils, mais aussi boire un bon verre de vin rouge et discuter avec ma femme Nathalie, ma famille ou mes amis. De plus, il y a toujours des livres passionnants et int\u00e9ressants sur ma table de nuit. Pour moi, les romans policiers de Donna Leon ou de Martin Walker font partie int\u00e9grante d&rsquo;une agr\u00e9able soir\u00e9e d&rsquo;\u00e9t\u00e9.<\/p><p>J&rsquo;ai grandi \u00e0 Naters avec mes parents Ursula et Edelbert W. Bregy ainsi que mon fr\u00e8re Thomas Stefan. Tous les \u00e9t\u00e9s, je les ai pass\u00e9s avec mes grands-parents \u00e0 Oberwald.<\/p><p>Apr\u00e8s avoir obtenu ma maturit\u00e9 au Kollegium Spiritus Sanctus de Brigue (type C), j&rsquo;ai \u00e9tudi\u00e9 le droit \u00e0 l&rsquo;Universit\u00e9 de Berne et j&rsquo;ai finalement obtenu mon brevet d&rsquo;avocat dans le canton du Valais. J&rsquo;ai compl\u00e9t\u00e9 ma formation \u00e0 la Haute \u00e9cole sp\u00e9cialis\u00e9e de Lucerne par un CAS en m\u00e9decine l\u00e9gale et un autre en tant qu&rsquo;administrateur.<\/p><p>Tr\u00e8s t\u00f4t, la politique a pris une place importante dans ma vie. A 26 ans, j&rsquo;ai pu devenir suppl\u00e9ant au Grand Conseil, puis d\u00e9put\u00e9 et chef de groupe de la fraction de l&rsquo;ancien groupe PDC du Haut Valais au Grand Conseil valaisan ainsi que conseiller communal \u00e0 Naters. Mais tout a commenc\u00e9 \u00e0 l&rsquo;\u00e2ge de 14 ans, lorsque ma m\u00e8re m&rsquo;a heureusement amen\u00e9 \u00e0 une assembl\u00e9e du parti local de Naters et m&rsquo;a ainsi donn\u00e9 la possibilit\u00e9 d&rsquo;entrer en contact tr\u00e8s jeune avec la politique.<\/p>\t\t\t\t\t\t\t\t<\/div>\n\t\t\t\t<\/div>\n\t\t\t\t\t<\/div>\n\t\t<\/div>\n\t\t\t\t\t<\/div>\n\t\t<\/section>\n\t\t\t\t<section class=\"elementor-section elementor-top-section elementor-element elementor-element-625d544 file-section elementor-hidden-desktop elementor-hidden-tablet elementor-hidden-mobile elementor-section-boxed elementor-section-height-default elementor-section-height-default\" data-id=\"625d544\" data-element_type=\"section\" data-e-type=\"section\">\n\t\t\t\t\t\t<div class=\"elementor-container elementor-column-gap-no\">\n\t\t\t\t\t<div class=\"elementor-column elementor-col-100 elementor-top-column elementor-element elementor-element-d1a0ecf\" data-id=\"d1a0ecf\" data-element_type=\"column\" data-e-type=\"column\">\n\t\t\t<div class=\"elementor-widget-wrap elementor-element-populated\">\n\t\t\t\t\t\t<section class=\"elementor-section elementor-inner-section elementor-element elementor-element-0d9359b elementor-section-boxed elementor-section-height-default elementor-section-height-default\" data-id=\"0d9359b\" data-element_type=\"section\" data-e-type=\"section\">\n\t\t\t\t\t\t<div class=\"elementor-container elementor-column-gap-default\">\n\t\t\t\t\t<div class=\"elementor-column elementor-col-50 elementor-inner-column elementor-element elementor-element-cec5ef2\" data-id=\"cec5ef2\" data-element_type=\"column\" data-e-type=\"column\">\n\t\t\t<div class=\"elementor-widget-wrap elementor-element-populated\">\n\t\t\t\t\t\t<div class=\"elementor-element elementor-element-e43f340 elementor-position-right elementor-vertical-align-middle elementor-widget elementor-widget-image-box\" data-id=\"e43f340\" data-element_type=\"widget\" data-e-type=\"widget\" data-widget_type=\"image-box.default\">\n\t\t\t\t<div class=\"elementor-widget-container\">\n\t\t\t\t\t<div class=\"elementor-image-box-wrapper\"><figure class=\"elementor-image-box-img\"><a href=\"#\" tabindex=\"-1\"><img decoding=\"async\" width=\"50\" height=\"50\" src=\"https:\/\/www.pm-bregy.ch\/wp-content\/uploads\/2023\/05\/download-icon.svg\" class=\"attachment-full size-full wp-image-206\" alt=\"\" \/><\/a><\/figure><div class=\"elementor-image-box-content\"><h3 class=\"elementor-image-box-title\"><a href=\"#\">Lebenslauf<\/a><\/h3><\/div><\/div>\t\t\t\t<\/div>\n\t\t\t\t<\/div>\n\t\t\t\t\t<\/div>\n\t\t<\/div>\n\t\t\t\t<div class=\"elementor-column elementor-col-50 elementor-inner-column elementor-element elementor-element-d362c7c\" data-id=\"d362c7c\" data-element_type=\"column\" data-e-type=\"column\">\n\t\t\t<div class=\"elementor-widget-wrap elementor-element-populated\">\n\t\t\t\t\t\t<div class=\"elementor-element elementor-element-5a1cd70 elementor-position-right elementor-vertical-align-middle elementor-widget elementor-widget-image-box\" data-id=\"5a1cd70\" data-element_type=\"widget\" data-e-type=\"widget\" data-widget_type=\"image-box.default\">\n\t\t\t\t<div class=\"elementor-widget-container\">\n\t\t\t\t\t<div class=\"elementor-image-box-wrapper\"><figure class=\"elementor-image-box-img\"><a href=\"#\" tabindex=\"-1\"><img decoding=\"async\" width=\"50\" height=\"50\" src=\"https:\/\/www.pm-bregy.ch\/wp-content\/uploads\/2023\/05\/download-icon.svg\" class=\"attachment-full size-full wp-image-206\" alt=\"\" \/><\/a><\/figure><div class=\"elementor-image-box-content\"><h3 class=\"elementor-image-box-title\"><a href=\"#\">Lebenslauf<\/a><\/h3><\/div><\/div>\t\t\t\t<\/div>\n\t\t\t\t<\/div>\n\t\t\t\t\t<\/div>\n\t\t<\/div>\n\t\t\t\t\t<\/div>\n\t\t<\/section>\n\t\t\t\t\t<\/div>\n\t\t<\/div>\n\t\t\t\t\t<\/div>\n\t\t<\/section>\n\t\t\t\t<section class=\"elementor-section elementor-top-section elementor-element elementor-element-342b86b elementor-section-full_width slider-section elementor-section-height-default elementor-section-height-default\" data-id=\"342b86b\" data-element_type=\"section\" data-e-type=\"section\">\n\t\t\t\t\t\t<div class=\"elementor-container elementor-column-gap-no\">\n\t\t\t\t\t<div class=\"elementor-column elementor-col-100 elementor-top-column elementor-element elementor-element-3020586\" data-id=\"3020586\" data-element_type=\"column\" data-e-type=\"column\">\n\t\t\t<div class=\"elementor-widget-wrap elementor-element-populated\">\n\t\t\t\t\t\t<div class=\"elementor-element elementor-element-a78db14 elementor-widget elementor-widget-Slider\" data-id=\"a78db14\" data-element_type=\"widget\" data-e-type=\"widget\" data-widget_type=\"Slider.default\">\n\t\t\t\t<div class=\"elementor-widget-container\">\n\t\t\t\t\t\n<div class=\"slider-module\">\n\t\n\n\t\t<div class=\"swiper-container gallery-top\">\n\t\t  <div class=\"swiper-wrapper\">\n\t\t\t  \t\t\t \t<div class=\"swiper-slide\">\n\t\t\t\t\t<img decoding=\"async\" src=\"https:\/\/www.pm-bregy.ch\/wp-content\/uploads\/2023\/05\/bild2-scaled.jpg\" class=\"\" alt=\"\">\t\t\t\t\t<div class=\"img-description\"><\/div>\n\t\t\t  \t<\/div>\n\t\t\t  \t\t\t \t<div class=\"swiper-slide\">\n\t\t\t\t\t<img decoding=\"async\" src=\"https:\/\/www.pm-bregy.ch\/wp-content\/uploads\/2023\/05\/pmbregy-engagements.jpg\" class=\"\" alt=\"\">\t\t\t\t\t<div class=\"img-description\"><\/div>\n\t\t\t  \t<\/div>\n\t\t\t  \t\t\t \t<div class=\"swiper-slide\">\n\t\t\t\t\t<img decoding=\"async\" src=\"https:\/\/www.pm-bregy.ch\/wp-content\/uploads\/2023\/05\/philippmatthiasbregy_website_home.jpg\" class=\"\" alt=\"\">\t\t\t\t\t<div class=\"img-description\"><\/div>\n\t\t\t  \t<\/div>\n\t\t\t  \t\t  <\/div>\n\t\t  <!-- Add Arrows -->\n\t\t<\/div>\n\n\t<\/div>\n\t\n\t<div class=\"slider-controls\">\n\t<div class=\"slider-arrow-left\"><\/div>\n\t<div class=\"slider-arrow-right\"><\/div>\n\t<\/div>\n\n\t\t\t\t\t\t<\/div>\n\t\t\t\t<\/div>\n\t\t\t\t\t<\/div>\n\t\t<\/div>\n\t\t\t\t\t<\/div>\n\t\t<\/section>\n\t\t\t\t<\/div>\n\t\t","protected":false},"excerpt":{"rendered":"<p>Personnel La famille et les amis sont mes sources d&rsquo;\u00e9nergie. Je vis \u00e0 Naters avec ma femme Nathalie et nos fils. J&rsquo;aime jouer (ou plut\u00f4t regarder) le football avec nos fils, mais aussi boire un bon verre de vin rouge et discuter avec ma femme Nathalie, ma famille ou mes amis. De plus, il y [&hellip;]<\/p>\n","protected":false},"author":1,"featured_media":0,"parent":0,"menu_order":0,"comment_status":"closed","ping_status":"closed","template":"","meta":{"footnotes":""},"class_list":["post-462","page","type-page","status-publish","hentry"],"yoast_head":"<!-- This site is optimized with the Yoast SEO plugin v27.3 - https:\/\/yoast.com\/product\/yoast-seo-wordpress\/ -->\n<title>Personnel - Philipp Matthias Bregy<\/title>\n<meta name=\"robots\" content=\"index, follow, max-snippet:-1, max-image-preview:large, max-video-preview:-1\" \/>\n<link rel=\"canonical\" href=\"https:\/\/www.pm-bregy.ch\/fr\/personnel\/\" \/>\n<meta property=\"og:locale\" content=\"fr_FR\" \/>\n<meta property=\"og:type\" content=\"article\" \/>\n<meta property=\"og:title\" content=\"Personnel - Philipp Matthias Bregy\" \/>\n<meta property=\"og:description\" content=\"Personnel La famille et les amis sont mes sources d&rsquo;\u00e9nergie. Je vis \u00e0 Naters avec ma femme Nathalie et nos fils. J&rsquo;aime jouer (ou plut\u00f4t regarder) le football avec nos fils, mais aussi boire un bon verre de vin rouge et discuter avec ma femme Nathalie, ma famille ou mes amis. De plus, il y [&hellip;]\" \/>\n<meta property=\"og:url\" content=\"https:\/\/www.pm-bregy.ch\/fr\/personnel\/\" \/>\n<meta property=\"og:site_name\" content=\"Philipp Matthias Bregy\" \/>\n<meta property=\"article:publisher\" content=\"https:\/\/www.facebook.com\/pmbregy\" \/>\n<meta property=\"article:modified_time\" content=\"2023-07-31T08:27:36+00:00\" \/>\n<meta property=\"og:image\" content=\"https:\/\/www.pm-bregy.ch\/wp-content\/uploads\/2023\/05\/download-icon.svg\" \/>\n<meta name=\"twitter:card\" content=\"summary_large_image\" \/>\n<meta name=\"twitter:site\" content=\"@pmbregy\" \/>\n<meta name=\"twitter:label1\" content=\"Dur\u00e9e de lecture estim\u00e9e\" \/>\n\t<meta name=\"twitter:data1\" content=\"1 minute\" \/>\n<script type=\"application\/ld+json\" class=\"yoast-schema-graph\">{\"@context\":\"https:\\\/\\\/schema.org\",\"@graph\":[{\"@type\":\"WebPage\",\"@id\":\"https:\\\/\\\/www.pm-bregy.ch\\\/fr\\\/personnel\\\/\",\"url\":\"https:\\\/\\\/www.pm-bregy.ch\\\/fr\\\/personnel\\\/\",\"name\":\"Personnel - Philipp Matthias Bregy\",\"isPartOf\":{\"@id\":\"https:\\\/\\\/www.pm-bregy.ch\\\/#website\"},\"primaryImageOfPage\":{\"@id\":\"https:\\\/\\\/www.pm-bregy.ch\\\/fr\\\/personnel\\\/#primaryimage\"},\"image\":{\"@id\":\"https:\\\/\\\/www.pm-bregy.ch\\\/fr\\\/personnel\\\/#primaryimage\"},\"thumbnailUrl\":\"https:\\\/\\\/www.pm-bregy.ch\\\/wp-content\\\/uploads\\\/2023\\\/05\\\/download-icon.svg\",\"datePublished\":\"2023-05-17T15:35:34+00:00\",\"dateModified\":\"2023-07-31T08:27:36+00:00\",\"breadcrumb\":{\"@id\":\"https:\\\/\\\/www.pm-bregy.ch\\\/fr\\\/personnel\\\/#breadcrumb\"},\"inLanguage\":\"fr-FR\",\"potentialAction\":[{\"@type\":\"ReadAction\",\"target\":[\"https:\\\/\\\/www.pm-bregy.ch\\\/fr\\\/personnel\\\/\"]}]},{\"@type\":\"ImageObject\",\"inLanguage\":\"fr-FR\",\"@id\":\"https:\\\/\\\/www.pm-bregy.ch\\\/fr\\\/personnel\\\/#primaryimage\",\"url\":\"https:\\\/\\\/www.pm-bregy.ch\\\/wp-content\\\/uploads\\\/2023\\\/05\\\/download-icon.svg\",\"contentUrl\":\"https:\\\/\\\/www.pm-bregy.ch\\\/wp-content\\\/uploads\\\/2023\\\/05\\\/download-icon.svg\"},{\"@type\":\"BreadcrumbList\",\"@id\":\"https:\\\/\\\/www.pm-bregy.ch\\\/fr\\\/personnel\\\/#breadcrumb\",\"itemListElement\":[{\"@type\":\"ListItem\",\"position\":1,\"name\":\"Startseite\",\"item\":\"https:\\\/\\\/www.pm-bregy.ch\\\/fr\\\/\"},{\"@type\":\"ListItem\",\"position\":2,\"name\":\"Personnel\"}]},{\"@type\":\"WebSite\",\"@id\":\"https:\\\/\\\/www.pm-bregy.ch\\\/#website\",\"url\":\"https:\\\/\\\/www.pm-bregy.ch\\\/\",\"name\":\"Philipp Matthias Bregy\",\"description\":\"\",\"potentialAction\":[{\"@type\":\"SearchAction\",\"target\":{\"@type\":\"EntryPoint\",\"urlTemplate\":\"https:\\\/\\\/www.pm-bregy.ch\\\/?s={search_term_string}\"},\"query-input\":{\"@type\":\"PropertyValueSpecification\",\"valueRequired\":true,\"valueName\":\"search_term_string\"}}],\"inLanguage\":\"fr-FR\"}]}<\/script>\n<!-- \/ Yoast SEO plugin. -->","yoast_head_json":{"title":"Personnel - Philipp Matthias Bregy","robots":{"index":"index","follow":"follow","max-snippet":"max-snippet:-1","max-image-preview":"max-image-preview:large","max-video-preview":"max-video-preview:-1"},"canonical":"https:\/\/www.pm-bregy.ch\/fr\/personnel\/","og_locale":"fr_FR","og_type":"article","og_title":"Personnel - Philipp Matthias Bregy","og_description":"Personnel La famille et les amis sont mes sources d&rsquo;\u00e9nergie. Je vis \u00e0 Naters avec ma femme Nathalie et nos fils. J&rsquo;aime jouer (ou plut\u00f4t regarder) le football avec nos fils, mais aussi boire un bon verre de vin rouge et discuter avec ma femme Nathalie, ma famille ou mes amis. De plus, il y [&hellip;]","og_url":"https:\/\/www.pm-bregy.ch\/fr\/personnel\/","og_site_name":"Philipp Matthias Bregy","article_publisher":"https:\/\/www.facebook.com\/pmbregy","article_modified_time":"2023-07-31T08:27:36+00:00","og_image":[{"url":"https:\/\/www.pm-bregy.ch\/wp-content\/uploads\/2023\/05\/download-icon.svg","type":"","width":"","height":""}],"twitter_card":"summary_large_image","twitter_site":"@pmbregy","twitter_misc":{"Dur\u00e9e de lecture estim\u00e9e":"1 minute"},"schema":{"@context":"https:\/\/schema.org","@graph":[{"@type":"WebPage","@id":"https:\/\/www.pm-bregy.ch\/fr\/personnel\/","url":"https:\/\/www.pm-bregy.ch\/fr\/personnel\/","name":"Personnel - Philipp Matthias Bregy","isPartOf":{"@id":"https:\/\/www.pm-bregy.ch\/#website"},"primaryImageOfPage":{"@id":"https:\/\/www.pm-bregy.ch\/fr\/personnel\/#primaryimage"},"image":{"@id":"https:\/\/www.pm-bregy.ch\/fr\/personnel\/#primaryimage"},"thumbnailUrl":"https:\/\/www.pm-bregy.ch\/wp-content\/uploads\/2023\/05\/download-icon.svg","datePublished":"2023-05-17T15:35:34+00:00","dateModified":"2023-07-31T08:27:36+00:00","breadcrumb":{"@id":"https:\/\/www.pm-bregy.ch\/fr\/personnel\/#breadcrumb"},"inLanguage":"fr-FR","potentialAction":[{"@type":"ReadAction","target":["https:\/\/www.pm-bregy.ch\/fr\/personnel\/"]}]},{"@type":"ImageObject","inLanguage":"fr-FR","@id":"https:\/\/www.pm-bregy.ch\/fr\/personnel\/#primaryimage","url":"https:\/\/www.pm-bregy.ch\/wp-content\/uploads\/2023\/05\/download-icon.svg","contentUrl":"https:\/\/www.pm-bregy.ch\/wp-content\/uploads\/2023\/05\/download-icon.svg"},{"@type":"BreadcrumbList","@id":"https:\/\/www.pm-bregy.ch\/fr\/personnel\/#breadcrumb","itemListElement":[{"@type":"ListItem","position":1,"name":"Startseite","item":"https:\/\/www.pm-bregy.ch\/fr\/"},{"@type":"ListItem","position":2,"name":"Personnel"}]},{"@type":"WebSite","@id":"https:\/\/www.pm-bregy.ch\/#website","url":"https:\/\/www.pm-bregy.ch\/","name":"Philipp Matthias Bregy","description":"","potentialAction":[{"@type":"SearchAction","target":{"@type":"EntryPoint","urlTemplate":"https:\/\/www.pm-bregy.ch\/?s={search_term_string}"},"query-input":{"@type":"PropertyValueSpecification","valueRequired":true,"valueName":"search_term_string"}}],"inLanguage":"fr-FR"}]}},"_links":{"self":[{"href":"https:\/\/www.pm-bregy.ch\/fr\/wp-json\/wp\/v2\/pages\/462","targetHints":{"allow":["GET"]}}],"collection":[{"href":"https:\/\/www.pm-bregy.ch\/fr\/wp-json\/wp\/v2\/pages"}],"about":[{"href":"https:\/\/www.pm-bregy.ch\/fr\/wp-json\/wp\/v2\/types\/page"}],"author":[{"embeddable":true,"href":"https:\/\/www.pm-bregy.ch\/fr\/wp-json\/wp\/v2\/users\/1"}],"replies":[{"embeddable":true,"href":"https:\/\/www.pm-bregy.ch\/fr\/wp-json\/wp\/v2\/comments?post=462"}],"version-history":[{"count":3,"href":"https:\/\/www.pm-bregy.ch\/fr\/wp-json\/wp\/v2\/pages\/462\/revisions"}],"predecessor-version":[{"id":638,"href":"https:\/\/www.pm-bregy.ch\/fr\/wp-json\/wp\/v2\/pages\/462\/revisions\/638"}],"wp:attachment":[{"href":"https:\/\/www.pm-bregy.ch\/fr\/wp-json\/wp\/v2\/media?parent=462"}],"curies":[{"name":"wp","href":"https:\/\/api.w.org\/{rel}","templated":true}]}}