{"id":461,"date":"2023-07-17T09:47:32","date_gmt":"2023-07-17T09:47:32","guid":{"rendered":"https:\/\/www.pm-bregy.ch\/impressum\/"},"modified":"2023-07-18T09:22:37","modified_gmt":"2023-07-18T09:22:37","slug":"empreinte","status":"publish","type":"page","link":"https:\/\/www.pm-bregy.ch\/fr\/empreinte\/","title":{"rendered":"Empreinte"},"content":{"rendered":"\t\t<div data-elementor-type=\"wp-page\" data-elementor-id=\"461\" class=\"elementor elementor-461 elementor-401\" data-elementor-post-type=\"page\">\n\t\t\t\t\t\t<section class=\"elementor-section elementor-top-section elementor-element elementor-element-e1c8560 elementor-section-height-min-height elementor-section-stretched elementor-section-items-bottom elementor-section-content-middle elementor-section-boxed elementor-section-height-default\" data-id=\"e1c8560\" data-element_type=\"section\" data-e-type=\"section\" data-settings=\"{&quot;stretch_section&quot;:&quot;section-stretched&quot;,&quot;background_background&quot;:&quot;classic&quot;}\">\n\t\t\t\t\t\t<div class=\"elementor-container elementor-column-gap-default\">\n\t\t\t\t\t<div class=\"elementor-column elementor-col-100 elementor-top-column elementor-element elementor-element-3f764ec\" data-id=\"3f764ec\" data-element_type=\"column\" data-e-type=\"column\">\n\t\t\t<div class=\"elementor-widget-wrap\">\n\t\t\t\t\t\t\t<\/div>\n\t\t<\/div>\n\t\t\t\t\t<\/div>\n\t\t<\/section>\n\t\t\t\t<section class=\"elementor-section elementor-top-section elementor-element elementor-element-ebc69e4 elementor-section-boxed elementor-section-height-default elementor-section-height-default\" data-id=\"ebc69e4\" data-element_type=\"section\" data-e-type=\"section\">\n\t\t\t\t\t\t<div class=\"elementor-container elementor-column-gap-default\">\n\t\t\t\t\t<div class=\"elementor-column elementor-col-100 elementor-top-column elementor-element elementor-element-8d7a0dc\" data-id=\"8d7a0dc\" data-element_type=\"column\" data-e-type=\"column\">\n\t\t\t<div class=\"elementor-widget-wrap elementor-element-populated\">\n\t\t\t\t\t\t<div class=\"elementor-element elementor-element-d9e764e lead elementor-widget elementor-widget-text-editor\" data-id=\"d9e764e\" data-element_type=\"widget\" data-e-type=\"widget\" data-widget_type=\"text-editor.default\">\n\t\t\t\t<div class=\"elementor-widget-container\">\n\t\t\t\t\t\t\t\t\t<h1>Empreinte<\/h1>\t\t\t\t\t\t\t\t<\/div>\n\t\t\t\t<\/div>\n\t\t\t\t<div class=\"elementor-element elementor-element-49ec04c elementor-widget elementor-widget-text-editor\" data-id=\"49ec04c\" data-element_type=\"widget\" data-e-type=\"widget\" data-widget_type=\"text-editor.default\">\n\t\t\t\t<div class=\"elementor-widget-container\">\n\t\t\t\t\t\t\t\t\t<h3>Responsable du contenu<\/h3><p>Philipp Matthias Bregy<br \/>Aletschstrasse 7<br \/>3904 Naters<\/p><h3>Conception et design<\/h3><p>Metaloop AG<br \/>Furkastrasse 3<br \/>CH-3900 Brig<\/p><p>Telefon: +41 27 922 08 50<br \/>E-Mail:\u00a0<a href=\"mailto:info@metaloop.ch\">info@metaloop.ch<\/a><br \/>Website:\u00a0<a href=\"https:\/\/www.metaloop.ch\/\" target=\"_blank\" rel=\"noopener\">www.metaloop.ch<\/a><\/p><h3>Programmation et h\u00e9bergement<\/h3><p>Valpix GmbH<br \/>Kehrstrasse 12<br \/>3904 Naters<\/p><p>Telefon: 027 924 60 82<br \/>E-Mail:\u00a0<a href=\"mailto:hallo@valpix.ch\">hallo@valpix.ch<\/a><br \/>Website:\u00a0<a href=\"https:\/\/www.valpix.ch\/\" target=\"_blank\" rel=\"noopener\">www.valpix.ch<\/a><\/p><h3>Avis de responsabilit\u00e9<\/h3><p>Le contenu de ces pages web est mis \u00e0 jour avec le plus grand soin. N\u00e9anmoins, aucune responsabilit\u00e9 n&rsquo;est assum\u00e9e pour le contenu. Sous r\u00e9serve de fautes d&rsquo;impression, d&rsquo;erreurs et de modifications. Le contenu est prot\u00e9g\u00e9 par les droits d&rsquo;auteur. Nous n&rsquo;assumons aucune responsabilit\u00e9 pour le contenu des liens externes. Seuls les exploitants des pages li\u00e9es sont responsables de leur contenu.<\/p>\t\t\t\t\t\t\t\t<\/div>\n\t\t\t\t<\/div>\n\t\t\t\t\t<\/div>\n\t\t<\/div>\n\t\t\t\t\t<\/div>\n\t\t<\/section>\n\t\t\t\t<\/div>\n\t\t","protected":false},"excerpt":{"rendered":"<p>Empreinte Responsable du contenu Philipp Matthias BregyAletschstrasse 73904 Naters Conception et design Metaloop AGFurkastrasse 3CH-3900 Brig Telefon: +41 27 922 08 50E-Mail:\u00a0info@metaloop.chWebsite:\u00a0www.metaloop.ch Programmation et h\u00e9bergement Valpix GmbHKehrstrasse 123904 Naters Telefon: 027 924 60 82E-Mail:\u00a0hallo@valpix.chWebsite:\u00a0www.valpix.ch Avis de responsabilit\u00e9 Le contenu de ces pages web est mis \u00e0 jour avec le plus grand soin. N\u00e9anmoins, aucune responsabilit\u00e9 [&hellip;]<\/p>\n","protected":false},"author":1,"featured_media":0,"parent":0,"menu_order":0,"comment_status":"closed","ping_status":"closed","template":"","meta":{"footnotes":""},"class_list":["post-461","page","type-page","status-publish","hentry"],"yoast_head":"<!-- This site is optimized with the Yoast SEO plugin v27.3 - https:\/\/yoast.com\/product\/yoast-seo-wordpress\/ -->\n<title>Empreinte - Philipp Matthias Bregy<\/title>\n<meta name=\"robots\" content=\"index, follow, max-snippet:-1, max-image-preview:large, max-video-preview:-1\" \/>\n<link rel=\"canonical\" href=\"https:\/\/www.pm-bregy.ch\/fr\/empreinte\/\" \/>\n<meta property=\"og:locale\" content=\"fr_FR\" \/>\n<meta property=\"og:type\" content=\"article\" \/>\n<meta property=\"og:title\" content=\"Empreinte - Philipp Matthias Bregy\" \/>\n<meta property=\"og:description\" content=\"Empreinte Responsable du contenu Philipp Matthias BregyAletschstrasse 73904 Naters Conception et design Metaloop AGFurkastrasse 3CH-3900 Brig Telefon: +41 27 922 08 50E-Mail:\u00a0info@metaloop.chWebsite:\u00a0www.metaloop.ch Programmation et h\u00e9bergement Valpix GmbHKehrstrasse 123904 Naters Telefon: 027 924 60 82E-Mail:\u00a0hallo@valpix.chWebsite:\u00a0www.valpix.ch Avis de responsabilit\u00e9 Le contenu de ces pages web est mis \u00e0 jour avec le plus grand soin. N\u00e9anmoins, aucune responsabilit\u00e9 [&hellip;]\" \/>\n<meta property=\"og:url\" content=\"https:\/\/www.pm-bregy.ch\/fr\/empreinte\/\" \/>\n<meta property=\"og:site_name\" content=\"Philipp Matthias Bregy\" \/>\n<meta property=\"article:publisher\" content=\"https:\/\/www.facebook.com\/pmbregy\" \/>\n<meta property=\"article:modified_time\" content=\"2023-07-18T09:22:37+00:00\" \/>\n<meta name=\"twitter:card\" content=\"summary_large_image\" \/>\n<meta name=\"twitter:site\" content=\"@pmbregy\" \/>\n<script type=\"application\/ld+json\" class=\"yoast-schema-graph\">{\"@context\":\"https:\\\/\\\/schema.org\",\"@graph\":[{\"@type\":\"WebPage\",\"@id\":\"https:\\\/\\\/www.pm-bregy.ch\\\/fr\\\/empreinte\\\/\",\"url\":\"https:\\\/\\\/www.pm-bregy.ch\\\/fr\\\/empreinte\\\/\",\"name\":\"Empreinte - Philipp Matthias Bregy\",\"isPartOf\":{\"@id\":\"https:\\\/\\\/www.pm-bregy.ch\\\/#website\"},\"datePublished\":\"2023-07-17T09:47:32+00:00\",\"dateModified\":\"2023-07-18T09:22:37+00:00\",\"breadcrumb\":{\"@id\":\"https:\\\/\\\/www.pm-bregy.ch\\\/fr\\\/empreinte\\\/#breadcrumb\"},\"inLanguage\":\"fr-FR\",\"potentialAction\":[{\"@type\":\"ReadAction\",\"target\":[\"https:\\\/\\\/www.pm-bregy.ch\\\/fr\\\/empreinte\\\/\"]}]},{\"@type\":\"BreadcrumbList\",\"@id\":\"https:\\\/\\\/www.pm-bregy.ch\\\/fr\\\/empreinte\\\/#breadcrumb\",\"itemListElement\":[{\"@type\":\"ListItem\",\"position\":1,\"name\":\"Startseite\",\"item\":\"https:\\\/\\\/www.pm-bregy.ch\\\/fr\\\/\"},{\"@type\":\"ListItem\",\"position\":2,\"name\":\"Empreinte\"}]},{\"@type\":\"WebSite\",\"@id\":\"https:\\\/\\\/www.pm-bregy.ch\\\/#website\",\"url\":\"https:\\\/\\\/www.pm-bregy.ch\\\/\",\"name\":\"Philipp Matthias Bregy\",\"description\":\"\",\"potentialAction\":[{\"@type\":\"SearchAction\",\"target\":{\"@type\":\"EntryPoint\",\"urlTemplate\":\"https:\\\/\\\/www.pm-bregy.ch\\\/?s={search_term_string}\"},\"query-input\":{\"@type\":\"PropertyValueSpecification\",\"valueRequired\":true,\"valueName\":\"search_term_string\"}}],\"inLanguage\":\"fr-FR\"}]}<\/script>\n<!-- \/ Yoast SEO plugin. -->","yoast_head_json":{"title":"Empreinte - Philipp Matthias Bregy","robots":{"index":"index","follow":"follow","max-snippet":"max-snippet:-1","max-image-preview":"max-image-preview:large","max-video-preview":"max-video-preview:-1"},"canonical":"https:\/\/www.pm-bregy.ch\/fr\/empreinte\/","og_locale":"fr_FR","og_type":"article","og_title":"Empreinte - Philipp Matthias Bregy","og_description":"Empreinte Responsable du contenu Philipp Matthias BregyAletschstrasse 73904 Naters Conception et design Metaloop AGFurkastrasse 3CH-3900 Brig Telefon: +41 27 922 08 50E-Mail:\u00a0info@metaloop.chWebsite:\u00a0www.metaloop.ch Programmation et h\u00e9bergement Valpix GmbHKehrstrasse 123904 Naters Telefon: 027 924 60 82E-Mail:\u00a0hallo@valpix.chWebsite:\u00a0www.valpix.ch Avis de responsabilit\u00e9 Le contenu de ces pages web est mis \u00e0 jour avec le plus grand soin. N\u00e9anmoins, aucune responsabilit\u00e9 [&hellip;]","og_url":"https:\/\/www.pm-bregy.ch\/fr\/empreinte\/","og_site_name":"Philipp Matthias Bregy","article_publisher":"https:\/\/www.facebook.com\/pmbregy","article_modified_time":"2023-07-18T09:22:37+00:00","twitter_card":"summary_large_image","twitter_site":"@pmbregy","schema":{"@context":"https:\/\/schema.org","@graph":[{"@type":"WebPage","@id":"https:\/\/www.pm-bregy.ch\/fr\/empreinte\/","url":"https:\/\/www.pm-bregy.ch\/fr\/empreinte\/","name":"Empreinte - Philipp Matthias Bregy","isPartOf":{"@id":"https:\/\/www.pm-bregy.ch\/#website"},"datePublished":"2023-07-17T09:47:32+00:00","dateModified":"2023-07-18T09:22:37+00:00","breadcrumb":{"@id":"https:\/\/www.pm-bregy.ch\/fr\/empreinte\/#breadcrumb"},"inLanguage":"fr-FR","potentialAction":[{"@type":"ReadAction","target":["https:\/\/www.pm-bregy.ch\/fr\/empreinte\/"]}]},{"@type":"BreadcrumbList","@id":"https:\/\/www.pm-bregy.ch\/fr\/empreinte\/#breadcrumb","itemListElement":[{"@type":"ListItem","position":1,"name":"Startseite","item":"https:\/\/www.pm-bregy.ch\/fr\/"},{"@type":"ListItem","position":2,"name":"Empreinte"}]},{"@type":"WebSite","@id":"https:\/\/www.pm-bregy.ch\/#website","url":"https:\/\/www.pm-bregy.ch\/","name":"Philipp Matthias Bregy","description":"","potentialAction":[{"@type":"SearchAction","target":{"@type":"EntryPoint","urlTemplate":"https:\/\/www.pm-bregy.ch\/?s={search_term_string}"},"query-input":{"@type":"PropertyValueSpecification","valueRequired":true,"valueName":"search_term_string"}}],"inLanguage":"fr-FR"}]}},"_links":{"self":[{"href":"https:\/\/www.pm-bregy.ch\/fr\/wp-json\/wp\/v2\/pages\/461","targetHints":{"allow":["GET"]}}],"collection":[{"href":"https:\/\/www.pm-bregy.ch\/fr\/wp-json\/wp\/v2\/pages"}],"about":[{"href":"https:\/\/www.pm-bregy.ch\/fr\/wp-json\/wp\/v2\/types\/page"}],"author":[{"embeddable":true,"href":"https:\/\/www.pm-bregy.ch\/fr\/wp-json\/wp\/v2\/users\/1"}],"replies":[{"embeddable":true,"href":"https:\/\/www.pm-bregy.ch\/fr\/wp-json\/wp\/v2\/comments?post=461"}],"version-history":[{"count":3,"href":"https:\/\/www.pm-bregy.ch\/fr\/wp-json\/wp\/v2\/pages\/461\/revisions"}],"predecessor-version":[{"id":607,"href":"https:\/\/www.pm-bregy.ch\/fr\/wp-json\/wp\/v2\/pages\/461\/revisions\/607"}],"wp:attachment":[{"href":"https:\/\/www.pm-bregy.ch\/fr\/wp-json\/wp\/v2\/media?parent=461"}],"curies":[{"name":"wp","href":"https:\/\/api.w.org\/{rel}","templated":true}]}}