{"id":459,"date":"2023-05-17T15:33:03","date_gmt":"2023-05-17T15:33:03","guid":{"rendered":"https:\/\/www.pm-bregy.ch\/engagements\/"},"modified":"2023-09-15T12:46:18","modified_gmt":"2023-09-15T12:46:18","slug":"engagements","status":"publish","type":"page","link":"https:\/\/www.pm-bregy.ch\/fr\/engagements\/","title":{"rendered":"Engagements"},"content":{"rendered":"\t\t<div data-elementor-type=\"wp-page\" data-elementor-id=\"459\" class=\"elementor elementor-459 elementor-140\" data-elementor-post-type=\"page\">\n\t\t\t\t\t\t<section class=\"elementor-section elementor-top-section elementor-element elementor-element-e1c8560 elementor-section-height-min-height elementor-section-stretched elementor-section-items-bottom elementor-section-content-middle elementor-section-boxed elementor-section-height-default\" data-id=\"e1c8560\" data-element_type=\"section\" data-e-type=\"section\" data-settings=\"{&quot;stretch_section&quot;:&quot;section-stretched&quot;,&quot;background_background&quot;:&quot;classic&quot;}\">\n\t\t\t\t\t\t<div class=\"elementor-container elementor-column-gap-default\">\n\t\t\t\t\t<div class=\"elementor-column elementor-col-100 elementor-top-column elementor-element elementor-element-3f764ec\" data-id=\"3f764ec\" data-element_type=\"column\" data-e-type=\"column\">\n\t\t\t<div class=\"elementor-widget-wrap\">\n\t\t\t\t\t\t\t<\/div>\n\t\t<\/div>\n\t\t\t\t\t<\/div>\n\t\t<\/section>\n\t\t\t\t<section class=\"elementor-section elementor-top-section elementor-element elementor-element-ebc69e4 elementor-section-boxed elementor-section-height-default elementor-section-height-default\" data-id=\"ebc69e4\" data-element_type=\"section\" data-e-type=\"section\">\n\t\t\t\t\t\t<div class=\"elementor-container elementor-column-gap-default\">\n\t\t\t\t\t<div class=\"elementor-column elementor-col-100 elementor-top-column elementor-element elementor-element-8d7a0dc\" data-id=\"8d7a0dc\" data-element_type=\"column\" data-e-type=\"column\">\n\t\t\t<div class=\"elementor-widget-wrap elementor-element-populated\">\n\t\t\t\t\t\t<div class=\"elementor-element elementor-element-d9e764e lead elementor-widget elementor-widget-text-editor\" data-id=\"d9e764e\" data-element_type=\"widget\" data-e-type=\"widget\" data-widget_type=\"text-editor.default\">\n\t\t\t\t<div class=\"elementor-widget-container\">\n\t\t\t\t\t\t\t\t\t<h1>Engagement<\/h1>\t\t\t\t\t\t\t\t<\/div>\n\t\t\t\t<\/div>\n\t\t\t\t<div class=\"elementor-element elementor-element-f60a18d lead elementor-hidden-desktop elementor-hidden-tablet elementor-hidden-mobile elementor-widget elementor-widget-text-editor\" data-id=\"f60a18d\" data-element_type=\"widget\" data-e-type=\"widget\" data-widget_type=\"text-editor.default\">\n\t\t\t\t<div class=\"elementor-widget-container\">\n\t\t\t\t\t\t\t\t\t<h1>Engagement<\/h1><p><strong>\u00abIch bin ein Tunfisch.\u00bb<br \/><\/strong><em>Philipp Matthias Bregy am Kongress des Walliser Gewerbeverbands<\/em><\/p>\t\t\t\t\t\t\t\t<\/div>\n\t\t\t\t<\/div>\n\t\t\t\t<div class=\"elementor-element elementor-element-cb1e6db elementor-widget elementor-widget-text-editor\" data-id=\"cb1e6db\" data-element_type=\"widget\" data-e-type=\"widget\" data-widget_type=\"text-editor.default\">\n\t\t\t\t<div class=\"elementor-widget-container\">\n\t\t\t\t\t\t\t\t\t<p>En tant que Conseiller national et Pr\u00e9sident du groupe du Centre, j&rsquo;ai entre-temps fait de la politique mon m\u00e9tier. J&rsquo;ai fortement r\u00e9duit mon activit\u00e9 traditionnelle d&rsquo;avocat et d\u2019associ\u00e9 du cabinet rieder . pfammatter . bregy. Bien que je sois un d\u00e9fenseur du syst\u00e8me de milice, je dois reconna\u00eetre que la r\u00e9alit\u00e9 est plus compliqu\u00e9e. N\u00e9anmoins, j&rsquo;essaie de travailler chaque semaine quelques heures dans notre cabinet. Cela me permet d&rsquo;\u00eatre au plus pr\u00e8s des pr\u00e9occupations quotidiennes de la population.<\/p><p>En tant que membre du conseil d&rsquo;administration de plusieurs entreprises (notamment Energiedienst Holding AG et EnAlpin AG), j&rsquo;ai pu me constituer ces derni\u00e8res ann\u00e9es un deuxi\u00e8me pilier professionnel qui rend la planification plus ais\u00e9e que le permet le m\u00e9tier d\u2019avocat.<\/p><p>Pour moi, il a toujours \u00e9t\u00e9 clair qu&rsquo;en tant que Conseiller national, je souhaitais \u00e9galement m&rsquo;engager aupr\u00e8s des associations, ce que je fais en tant que pr\u00e9sident de REDOG Suisse et de l&rsquo;Union valaisanne des arts et m\u00e9tiers, en tant que Vice-pr\u00e9sident de la section valaisanne du TCS ainsi qu&rsquo;aupr\u00e8s de l&rsquo;Association des arts et m\u00e9tiers et l&rsquo;Association des propri\u00e9taires fonciers.<\/p><p>Toutes les t\u00e2ches ne doivent pas \u00eatre r\u00e9mun\u00e9r\u00e9es. C&rsquo;est pourquoi, d\u00e8s le d\u00e9but, j&rsquo;ai accord\u00e9 de l&rsquo;importance aux engagements b\u00e9n\u00e9voles. En tant que membre du comit\u00e9 directeur du FC Naters, je peux combiner ma passion pour le football avec mon activit\u00e9 au sein du comit\u00e9 directeur. En tant que pr\u00e9sident du comit\u00e9 d&rsquo;organisation de la Journ\u00e9e f\u00e9d\u00e9rale des\u00a0 lutteurs espoirs 2024 \u00e0 Sion ou de la F\u00eate f\u00e9d\u00e9rale des tambours et fifres 2027 \u00e0 Vi\u00e8ge, je peux combiner mon attachement \u00e0 la patrie et aux traditions avec le renforcement de notre r\u00e9gion.<\/p><p><a href=\"https:\/\/www.parlament.ch\/de\/biografie\/philipp-matthias-bregy\/4230\" target=\"_blank\" rel=\"noopener\">Liste des groupes d&rsquo;int\u00e9r\u00eat<\/a><\/p>\t\t\t\t\t\t\t\t<\/div>\n\t\t\t\t<\/div>\n\t\t\t\t\t<\/div>\n\t\t<\/div>\n\t\t\t\t\t<\/div>\n\t\t<\/section>\n\t\t\t\t<section class=\"elementor-section elementor-top-section elementor-element elementor-element-d751c14 elementor-section-full_width slider-section elementor-section-height-default elementor-section-height-default\" data-id=\"d751c14\" data-element_type=\"section\" data-e-type=\"section\">\n\t\t\t\t\t\t<div class=\"elementor-container elementor-column-gap-no\">\n\t\t\t\t\t<div class=\"elementor-column elementor-col-100 elementor-top-column elementor-element elementor-element-2669bca\" data-id=\"2669bca\" data-element_type=\"column\" data-e-type=\"column\">\n\t\t\t<div class=\"elementor-widget-wrap elementor-element-populated\">\n\t\t\t\t\t\t<div class=\"elementor-element elementor-element-50499dd elementor-widget elementor-widget-Slider\" data-id=\"50499dd\" data-element_type=\"widget\" data-e-type=\"widget\" data-widget_type=\"Slider.default\">\n\t\t\t\t<div class=\"elementor-widget-container\">\n\t\t\t\t\t\n<div class=\"slider-module\">\n\t\n\n\t\t<div class=\"swiper-container gallery-top\">\n\t\t  <div class=\"swiper-wrapper\">\n\t\t\t  \t\t\t \t<div class=\"swiper-slide\">\n\t\t\t\t\t<img decoding=\"async\" src=\"https:\/\/www.pm-bregy.ch\/wp-content\/uploads\/2023\/05\/bild.jpg\" class=\"\" alt=\"\">\t\t\t\t\t<div class=\"img-description\"><\/div>\n\t\t\t  \t<\/div>\n\t\t\t  \t\t\t \t<div class=\"swiper-slide\">\n\t\t\t\t\t<img decoding=\"async\" src=\"https:\/\/www.pm-bregy.ch\/wp-content\/uploads\/2023\/05\/pmbregy-engagements.jpg\" class=\"\" alt=\"\">\t\t\t\t\t<div class=\"img-description\"><\/div>\n\t\t\t  \t<\/div>\n\t\t\t  \t\t\t \t<div class=\"swiper-slide\">\n\t\t\t\t\t<img decoding=\"async\" src=\"https:\/\/www.pm-bregy.ch\/wp-content\/uploads\/2023\/05\/philippmatthiasbregy_website_home.jpg\" class=\"\" alt=\"\">\t\t\t\t\t<div class=\"img-description\"><\/div>\n\t\t\t  \t<\/div>\n\t\t\t  \t\t  <\/div>\n\t\t  <!-- Add Arrows -->\n\t\t<\/div>\n\n\t<\/div>\n\t\n\t<div class=\"slider-controls\">\n\t<div class=\"slider-arrow-left\"><\/div>\n\t<div class=\"slider-arrow-right\"><\/div>\n\t<\/div>\n\n\t\t\t\t\t\t<\/div>\n\t\t\t\t<\/div>\n\t\t\t\t\t<\/div>\n\t\t<\/div>\n\t\t\t\t\t<\/div>\n\t\t<\/section>\n\t\t\t\t<\/div>\n\t\t","protected":false},"excerpt":{"rendered":"<p>Engagement Engagement \u00abIch bin ein Tunfisch.\u00bbPhilipp Matthias Bregy am Kongress des Walliser Gewerbeverbands En tant que Conseiller national et Pr\u00e9sident du groupe du Centre, j&rsquo;ai entre-temps fait de la politique mon m\u00e9tier. J&rsquo;ai fortement r\u00e9duit mon activit\u00e9 traditionnelle d&rsquo;avocat et d\u2019associ\u00e9 du cabinet rieder . pfammatter . bregy. Bien que je sois un d\u00e9fenseur du [&hellip;]<\/p>\n","protected":false},"author":1,"featured_media":0,"parent":0,"menu_order":0,"comment_status":"closed","ping_status":"closed","template":"","meta":{"footnotes":""},"class_list":["post-459","page","type-page","status-publish","hentry"],"yoast_head":"<!-- This site is optimized with the Yoast SEO plugin v27.3 - https:\/\/yoast.com\/product\/yoast-seo-wordpress\/ -->\n<title>Engagements - Philipp Matthias Bregy<\/title>\n<meta name=\"robots\" content=\"index, follow, max-snippet:-1, max-image-preview:large, max-video-preview:-1\" \/>\n<link rel=\"canonical\" href=\"https:\/\/www.pm-bregy.ch\/fr\/engagements\/\" \/>\n<meta property=\"og:locale\" content=\"fr_FR\" \/>\n<meta property=\"og:type\" content=\"article\" \/>\n<meta property=\"og:title\" content=\"Engagements - Philipp Matthias Bregy\" \/>\n<meta property=\"og:description\" content=\"Engagement Engagement \u00abIch bin ein Tunfisch.\u00bbPhilipp Matthias Bregy am Kongress des Walliser Gewerbeverbands En tant que Conseiller national et Pr\u00e9sident du groupe du Centre, j&rsquo;ai entre-temps fait de la politique mon m\u00e9tier. J&rsquo;ai fortement r\u00e9duit mon activit\u00e9 traditionnelle d&rsquo;avocat et d\u2019associ\u00e9 du cabinet rieder . pfammatter . bregy. Bien que je sois un d\u00e9fenseur du [&hellip;]\" \/>\n<meta property=\"og:url\" content=\"https:\/\/www.pm-bregy.ch\/fr\/engagements\/\" \/>\n<meta property=\"og:site_name\" content=\"Philipp Matthias Bregy\" \/>\n<meta property=\"article:publisher\" content=\"https:\/\/www.facebook.com\/pmbregy\" \/>\n<meta property=\"article:modified_time\" content=\"2023-09-15T12:46:18+00:00\" \/>\n<meta property=\"og:image\" content=\"https:\/\/www.pm-bregy.ch\/wp-content\/uploads\/2023\/05\/bild.jpg\" \/>\n<meta name=\"twitter:card\" content=\"summary_large_image\" \/>\n<meta name=\"twitter:site\" content=\"@pmbregy\" \/>\n<meta name=\"twitter:label1\" content=\"Dur\u00e9e de lecture estim\u00e9e\" \/>\n\t<meta name=\"twitter:data1\" content=\"3 minutes\" \/>\n<script type=\"application\/ld+json\" class=\"yoast-schema-graph\">{\"@context\":\"https:\\\/\\\/schema.org\",\"@graph\":[{\"@type\":\"WebPage\",\"@id\":\"https:\\\/\\\/www.pm-bregy.ch\\\/fr\\\/engagements\\\/\",\"url\":\"https:\\\/\\\/www.pm-bregy.ch\\\/fr\\\/engagements\\\/\",\"name\":\"Engagements - Philipp Matthias Bregy\",\"isPartOf\":{\"@id\":\"https:\\\/\\\/www.pm-bregy.ch\\\/#website\"},\"primaryImageOfPage\":{\"@id\":\"https:\\\/\\\/www.pm-bregy.ch\\\/fr\\\/engagements\\\/#primaryimage\"},\"image\":{\"@id\":\"https:\\\/\\\/www.pm-bregy.ch\\\/fr\\\/engagements\\\/#primaryimage\"},\"thumbnailUrl\":\"https:\\\/\\\/www.pm-bregy.ch\\\/wp-content\\\/uploads\\\/2023\\\/05\\\/bild.jpg\",\"datePublished\":\"2023-05-17T15:33:03+00:00\",\"dateModified\":\"2023-09-15T12:46:18+00:00\",\"breadcrumb\":{\"@id\":\"https:\\\/\\\/www.pm-bregy.ch\\\/fr\\\/engagements\\\/#breadcrumb\"},\"inLanguage\":\"fr-FR\",\"potentialAction\":[{\"@type\":\"ReadAction\",\"target\":[\"https:\\\/\\\/www.pm-bregy.ch\\\/fr\\\/engagements\\\/\"]}]},{\"@type\":\"ImageObject\",\"inLanguage\":\"fr-FR\",\"@id\":\"https:\\\/\\\/www.pm-bregy.ch\\\/fr\\\/engagements\\\/#primaryimage\",\"url\":\"https:\\\/\\\/www.pm-bregy.ch\\\/wp-content\\\/uploads\\\/2023\\\/05\\\/bild.jpg\",\"contentUrl\":\"https:\\\/\\\/www.pm-bregy.ch\\\/wp-content\\\/uploads\\\/2023\\\/05\\\/bild.jpg\"},{\"@type\":\"BreadcrumbList\",\"@id\":\"https:\\\/\\\/www.pm-bregy.ch\\\/fr\\\/engagements\\\/#breadcrumb\",\"itemListElement\":[{\"@type\":\"ListItem\",\"position\":1,\"name\":\"Startseite\",\"item\":\"https:\\\/\\\/www.pm-bregy.ch\\\/fr\\\/\"},{\"@type\":\"ListItem\",\"position\":2,\"name\":\"Engagements\"}]},{\"@type\":\"WebSite\",\"@id\":\"https:\\\/\\\/www.pm-bregy.ch\\\/#website\",\"url\":\"https:\\\/\\\/www.pm-bregy.ch\\\/\",\"name\":\"Philipp Matthias Bregy\",\"description\":\"\",\"potentialAction\":[{\"@type\":\"SearchAction\",\"target\":{\"@type\":\"EntryPoint\",\"urlTemplate\":\"https:\\\/\\\/www.pm-bregy.ch\\\/?s={search_term_string}\"},\"query-input\":{\"@type\":\"PropertyValueSpecification\",\"valueRequired\":true,\"valueName\":\"search_term_string\"}}],\"inLanguage\":\"fr-FR\"}]}<\/script>\n<!-- \/ Yoast SEO plugin. -->","yoast_head_json":{"title":"Engagements - Philipp Matthias Bregy","robots":{"index":"index","follow":"follow","max-snippet":"max-snippet:-1","max-image-preview":"max-image-preview:large","max-video-preview":"max-video-preview:-1"},"canonical":"https:\/\/www.pm-bregy.ch\/fr\/engagements\/","og_locale":"fr_FR","og_type":"article","og_title":"Engagements - Philipp Matthias Bregy","og_description":"Engagement Engagement \u00abIch bin ein Tunfisch.\u00bbPhilipp Matthias Bregy am Kongress des Walliser Gewerbeverbands En tant que Conseiller national et Pr\u00e9sident du groupe du Centre, j&rsquo;ai entre-temps fait de la politique mon m\u00e9tier. J&rsquo;ai fortement r\u00e9duit mon activit\u00e9 traditionnelle d&rsquo;avocat et d\u2019associ\u00e9 du cabinet rieder . pfammatter . bregy. Bien que je sois un d\u00e9fenseur du [&hellip;]","og_url":"https:\/\/www.pm-bregy.ch\/fr\/engagements\/","og_site_name":"Philipp Matthias Bregy","article_publisher":"https:\/\/www.facebook.com\/pmbregy","article_modified_time":"2023-09-15T12:46:18+00:00","og_image":[{"url":"https:\/\/www.pm-bregy.ch\/wp-content\/uploads\/2023\/05\/bild.jpg","type":"","width":"","height":""}],"twitter_card":"summary_large_image","twitter_site":"@pmbregy","twitter_misc":{"Dur\u00e9e de lecture estim\u00e9e":"3 minutes"},"schema":{"@context":"https:\/\/schema.org","@graph":[{"@type":"WebPage","@id":"https:\/\/www.pm-bregy.ch\/fr\/engagements\/","url":"https:\/\/www.pm-bregy.ch\/fr\/engagements\/","name":"Engagements - Philipp Matthias Bregy","isPartOf":{"@id":"https:\/\/www.pm-bregy.ch\/#website"},"primaryImageOfPage":{"@id":"https:\/\/www.pm-bregy.ch\/fr\/engagements\/#primaryimage"},"image":{"@id":"https:\/\/www.pm-bregy.ch\/fr\/engagements\/#primaryimage"},"thumbnailUrl":"https:\/\/www.pm-bregy.ch\/wp-content\/uploads\/2023\/05\/bild.jpg","datePublished":"2023-05-17T15:33:03+00:00","dateModified":"2023-09-15T12:46:18+00:00","breadcrumb":{"@id":"https:\/\/www.pm-bregy.ch\/fr\/engagements\/#breadcrumb"},"inLanguage":"fr-FR","potentialAction":[{"@type":"ReadAction","target":["https:\/\/www.pm-bregy.ch\/fr\/engagements\/"]}]},{"@type":"ImageObject","inLanguage":"fr-FR","@id":"https:\/\/www.pm-bregy.ch\/fr\/engagements\/#primaryimage","url":"https:\/\/www.pm-bregy.ch\/wp-content\/uploads\/2023\/05\/bild.jpg","contentUrl":"https:\/\/www.pm-bregy.ch\/wp-content\/uploads\/2023\/05\/bild.jpg"},{"@type":"BreadcrumbList","@id":"https:\/\/www.pm-bregy.ch\/fr\/engagements\/#breadcrumb","itemListElement":[{"@type":"ListItem","position":1,"name":"Startseite","item":"https:\/\/www.pm-bregy.ch\/fr\/"},{"@type":"ListItem","position":2,"name":"Engagements"}]},{"@type":"WebSite","@id":"https:\/\/www.pm-bregy.ch\/#website","url":"https:\/\/www.pm-bregy.ch\/","name":"Philipp Matthias Bregy","description":"","potentialAction":[{"@type":"SearchAction","target":{"@type":"EntryPoint","urlTemplate":"https:\/\/www.pm-bregy.ch\/?s={search_term_string}"},"query-input":{"@type":"PropertyValueSpecification","valueRequired":true,"valueName":"search_term_string"}}],"inLanguage":"fr-FR"}]}},"_links":{"self":[{"href":"https:\/\/www.pm-bregy.ch\/fr\/wp-json\/wp\/v2\/pages\/459","targetHints":{"allow":["GET"]}}],"collection":[{"href":"https:\/\/www.pm-bregy.ch\/fr\/wp-json\/wp\/v2\/pages"}],"about":[{"href":"https:\/\/www.pm-bregy.ch\/fr\/wp-json\/wp\/v2\/types\/page"}],"author":[{"embeddable":true,"href":"https:\/\/www.pm-bregy.ch\/fr\/wp-json\/wp\/v2\/users\/1"}],"replies":[{"embeddable":true,"href":"https:\/\/www.pm-bregy.ch\/fr\/wp-json\/wp\/v2\/comments?post=459"}],"version-history":[{"count":3,"href":"https:\/\/www.pm-bregy.ch\/fr\/wp-json\/wp\/v2\/pages\/459\/revisions"}],"predecessor-version":[{"id":746,"href":"https:\/\/www.pm-bregy.ch\/fr\/wp-json\/wp\/v2\/pages\/459\/revisions\/746"}],"wp:attachment":[{"href":"https:\/\/www.pm-bregy.ch\/fr\/wp-json\/wp\/v2\/media?parent=459"}],"curies":[{"name":"wp","href":"https:\/\/api.w.org\/{rel}","templated":true}]}}